{"id":80,"date":"2016-05-03T16:54:36","date_gmt":"2016-05-03T16:54:36","guid":{"rendered":"https:\/\/cacrps.pt\/?page_id=80"},"modified":"2025-11-10T16:13:53","modified_gmt":"2025-11-10T15:13:53","slug":"relatorios-de-contas","status":"publish","type":"page","link":"https:\/\/cacrps.pt\/index.php\/relatorios-de-contas\/","title":{"rendered":"Relat\u00f3rios de Contas"},"content":{"rendered":"\n<div class=\"wp-block-file\"><a href=\"https:\/\/cacrps.pt\/wp-content\/uploads\/2025\/05\/CACRPS-Relatorio-Contas2024.pdf\">CACRPS &#8211; Relat\u00f3rio Contas(2024)<\/a><a href=\"https:\/\/cacrps.pt\/wp-content\/uploads\/2025\/05\/CACRPS-Relatorio-Contas2024.pdf\" class=\"wp-block-file__button\" download>Descarregar<\/a><\/div>\n\n\n\n<div class=\"wp-block-file\"><a href=\"https:\/\/cacrps.pt\/wp-content\/uploads\/2024\/05\/CACRPS-Contas-para-publicacao-2023.pdf\">CACRPS-Contas-2023<\/a><a href=\"https:\/\/cacrps.pt\/wp-content\/uploads\/2024\/05\/CACRPS-Contas-para-publicacao-2023.pdf\" class=\"wp-block-file__button\" download>Descarregar<\/a><\/div>\n\n\n\n<div class=\"wp-block-file\"><a href=\"https:\/\/cacrps.pt\/wp-content\/uploads\/2023\/05\/CACRPS-Relato\u0301rio-contas-2022-.pdf\">CACRPS-Relato\u0301rio-contas-2022-<\/a><a href=\"https:\/\/cacrps.pt\/wp-content\/uploads\/2023\/05\/CACRPS-Relato\u0301rio-contas-2022-.pdf\" class=\"wp-block-file__button\" download>Descarregar<\/a><\/div>\n\n\n\n<div class=\"wp-block-file\"><a href=\"https:\/\/cacrps.pt\/wp-content\/uploads\/2023\/05\/Ata.pdf\">Ata<\/a><a href=\"https:\/\/cacrps.pt\/wp-content\/uploads\/2023\/05\/Ata.pdf\" class=\"wp-block-file__button\" download>Descarregar<\/a><\/div>\n\n\n\n<div class=\"wp-block-file\"><a href=\"https:\/\/cacrps.pt\/wp-content\/uploads\/2023\/05\/Ata-do-parecer-do-conselho-fiscal.pdf\">Ata-do-parecer-do-conselho-fiscal<\/a><a href=\"https:\/\/cacrps.pt\/wp-content\/uploads\/2023\/05\/Ata-do-parecer-do-conselho-fiscal.pdf\" class=\"wp-block-file__button\" download>Descarregar<\/a><\/div>\n\n\n\n<div class=\"wp-block-file\"><a href=\"https:\/\/cacrps.pt\/wp-content\/uploads\/2022\/05\/CACRPS-Relatorio-contas-2021-2.pdf\">CACRPS-Relatorio-contas-2021-2<\/a><a href=\"https:\/\/cacrps.pt\/wp-content\/uploads\/2022\/05\/CACRPS-Relatorio-contas-2021-2.pdf\" class=\"wp-block-file__button\" download>Descarregar<\/a><\/div>\n\n\n<p><a href=\"https:\/\/cacrps.pt\/wp-content\/uploads\/2016\/05\/Demonstra\u00e7\u00e3o-Resultados-Naturezas-2014.pdf\">Demonstra\u00e7\u00e3o Resultados Naturezas 2014<\/a><\/p>\n<p><a href=\"https:\/\/cacrps.pt\/wp-content\/uploads\/2016\/05\/CACRPS-ANX-SNC-2014.pdf\">CACRPS-ANX SNC (2014)<\/a><a href=\"https:\/\/cacrps.pt\/wp-content\/uploads\/2016\/05\/Balan\u00e7o-2014.pdf\">Balan\u00e7o 2014<\/a><\/p>\n<p><a href=\"https:\/\/cacrps.pt\/wp-content\/uploads\/2016\/05\/Balan\u00e7o-2014.pdf\">Balan\u00e7o 2014<\/a><\/p>\n<p><a href=\"https:\/\/cacrps.pt\/wp-content\/uploads\/2016\/05\/CACRPS-Balan\u00e7o-2018.pdf\">CACRPS-Balan\u00e7o (2018)<\/a><\/p>\n<p><a href=\"https:\/\/cacrps.pt\/wp-content\/uploads\/2016\/05\/Demonstra\u00e7\u00e3o-Resultados2015.pdf\">Demonstra\u00e7\u00e3o Resultados(2015)<\/a><\/p>\n<p><a href=\"https:\/\/cacrps.pt\/wp-content\/uploads\/2016\/05\/Demonstra\u00e7\u00e3o-de-Resultados-2016-1.pdf\">Demonstra\u00e7\u00e3o de Resultados (2016)<\/a><\/p>\n<p><a href=\"https:\/\/cacrps.pt\/wp-content\/uploads\/2016\/05\/Demonstra\u00e7\u00e3o-de-Resultados-2017.pdf\">Demonstra\u00e7\u00e3o de Resultados (2017)<\/a><\/p>\n<p><a href=\"https:\/\/cacrps.pt\/wp-content\/uploads\/2016\/05\/Demosntra\u00e7\u00e3o-de-Resultados-2018.pdf\">Demonstra\u00e7\u00e3o de Resultados (2018)<\/a><\/p>\n<p><a href=\"https:\/\/cacrps.pt\/wp-content\/uploads\/2016\/05\/Relat\u00f3rio-contas-2019.pdf\">Relat\u00f3rio contas (2019)<\/a><\/p>\n<p><a href=\"https:\/\/cacrps.pt\/wp-content\/uploads\/2021\/06\/CACRPS-Relato\u0301rio-Contas-2020.pdf\">Relat\u00f3rio contas (2020)<\/a><\/p>\n\n\n<p><\/p>\n","protected":false},"excerpt":{"rendered":"<p>Demonstra\u00e7\u00e3o Resultados Naturezas 2014 CACRPS-ANX SNC (2014)Balan\u00e7o 2014 Balan\u00e7o 2014 CACRPS-Balan\u00e7o (2018) Demonstra\u00e7\u00e3o Resultados(2015) Demonstra\u00e7\u00e3o de Resultados (2016) Demonstra\u00e7\u00e3o de [&hellip;]<\/p>\n","protected":false},"author":2,"featured_media":0,"parent":0,"menu_order":0,"comment_status":"closed","ping_status":"closed","template":"","meta":[],"_links":{"self":[{"href":"https:\/\/cacrps.pt\/index.php\/wp-json\/wp\/v2\/pages\/80"}],"collection":[{"href":"https:\/\/cacrps.pt\/index.php\/wp-json\/wp\/v2\/pages"}],"about":[{"href":"https:\/\/cacrps.pt\/index.php\/wp-json\/wp\/v2\/types\/page"}],"author":[{"embeddable":true,"href":"https:\/\/cacrps.pt\/index.php\/wp-json\/wp\/v2\/users\/2"}],"replies":[{"embeddable":true,"href":"https:\/\/cacrps.pt\/index.php\/wp-json\/wp\/v2\/comments?post=80"}],"version-history":[{"count":17,"href":"https:\/\/cacrps.pt\/index.php\/wp-json\/wp\/v2\/pages\/80\/revisions"}],"predecessor-version":[{"id":191,"href":"https:\/\/cacrps.pt\/index.php\/wp-json\/wp\/v2\/pages\/80\/revisions\/191"}],"wp:attachment":[{"href":"https:\/\/cacrps.pt\/index.php\/wp-json\/wp\/v2\/media?parent=80"}],"curies":[{"name":"wp","href":"https:\/\/api.w.org\/{rel}","templated":true}]}}