{"id":60,"date":"2016-04-21T23:03:45","date_gmt":"2016-04-21T23:03:45","guid":{"rendered":"https:\/\/cacrps.pt\/?page_id=60"},"modified":"2016-04-21T23:03:52","modified_gmt":"2016-04-21T23:03:52","slug":"documentacao-da-instituicao","status":"publish","type":"page","link":"https:\/\/cacrps.pt\/index.php\/documentacao-da-instituicao\/","title":{"rendered":"Documenta\u00e7\u00e3o da institui\u00e7\u00e3o"},"content":{"rendered":"<p><a href=\"https:\/\/cacrps.pt\/wp-content\/uploads\/2016\/04\/Balan\u00e7o-2014.pdf\">Balan\u00e7o 2014<\/a><\/p>\n<p><a href=\"https:\/\/cacrps.pt\/wp-content\/uploads\/2016\/04\/CACRPS-ANX-SNC-2014.pdf\">CACRPS-ANX SNC (2014)<\/a><\/p>\n<p><a href=\"https:\/\/cacrps.pt\/wp-content\/uploads\/2016\/04\/Demonstra\u00e7\u00e3o-Resultados-Naturezas-2014.pdf\">Demonstra\u00e7\u00e3o Resultados Naturezas 2014<\/a><\/p>\n","protected":false},"excerpt":{"rendered":"<p>Balan\u00e7o 2014 CACRPS-ANX SNC (2014) Demonstra\u00e7\u00e3o Resultados Naturezas 2014<\/p>\n","protected":false},"author":1,"featured_media":0,"parent":0,"menu_order":0,"comment_status":"closed","ping_status":"closed","template":"","meta":[],"_links":{"self":[{"href":"https:\/\/cacrps.pt\/index.php\/wp-json\/wp\/v2\/pages\/60"}],"collection":[{"href":"https:\/\/cacrps.pt\/index.php\/wp-json\/wp\/v2\/pages"}],"about":[{"href":"https:\/\/cacrps.pt\/index.php\/wp-json\/wp\/v2\/types\/page"}],"author":[{"embeddable":true,"href":"https:\/\/cacrps.pt\/index.php\/wp-json\/wp\/v2\/users\/1"}],"replies":[{"embeddable":true,"href":"https:\/\/cacrps.pt\/index.php\/wp-json\/wp\/v2\/comments?post=60"}],"version-history":[{"count":1,"href":"https:\/\/cacrps.pt\/index.php\/wp-json\/wp\/v2\/pages\/60\/revisions"}],"predecessor-version":[{"id":65,"href":"https:\/\/cacrps.pt\/index.php\/wp-json\/wp\/v2\/pages\/60\/revisions\/65"}],"wp:attachment":[{"href":"https:\/\/cacrps.pt\/index.php\/wp-json\/wp\/v2\/media?parent=60"}],"curies":[{"name":"wp","href":"https:\/\/api.w.org\/{rel}","templated":true}]}}