{"id":26,"date":"2016-04-21T22:14:57","date_gmt":"2016-04-21T22:14:57","guid":{"rendered":"https:\/\/cacrps.pt\/?page_id=26"},"modified":"2016-04-21T22:14:57","modified_gmt":"2016-04-21T22:14:57","slug":"centro-de-atividades-de-tempos-livres-catl","status":"publish","type":"page","link":"https:\/\/cacrps.pt\/index.php\/centro-de-atividades-de-tempos-livres-catl\/","title":{"rendered":"Centro de Atividades de Tempos Livres (CATL)"},"content":{"rendered":"<p>O Centro de Atividades de Tempos Livres consiste numa resposta social que se materializa atrav\u00e9s de um espa\u00e7o educativo que proporciona atividades l\u00fadicas e socioculturais a crian\u00e7as com idades compreendidas entre os 3 e os 10 anos que frequentem o Jardim de Inf\u00e2ncia e a Escola do Ensino B\u00e1sico.<\/p>\n<p>Os objetivos desta resposta social consistem em:<\/p>\n<p>&#8211; Desenvolver atividades de ocupa\u00e7\u00e3o de tempos livres;<\/p>\n<p>&#8211; Criar h\u00e1bitos de estudo e ajudar na execu\u00e7\u00e3o dos trabalhos escolares;<\/p>\n<p>&#8211; Realizar atividades que abranjam a execu\u00e7\u00e3o de brinquedos, prendas, material did\u00e1tico, jogos, explora\u00e7\u00e3o de temas sob a forma de trabalho individual ou em grupo.<\/p>\n<p>&nbsp;<\/p>\n<p>* Asseguramos o transporte entre Domic\u00edlio \/ Escola \/ Institui\u00e7\u00e3o.<\/p>\n<p>&nbsp;<\/p>\n<p><strong>Hor\u00e1rio de funcionamento:<\/strong> De 2\u00aa a 6\u00aa feira das 8:00h \u00e0s 9:00h e da13:30h \u00e0s 18:00h.<\/p>\n","protected":false},"excerpt":{"rendered":"<p>O Centro de Atividades de Tempos Livres consiste numa resposta social que se materializa atrav\u00e9s de um espa\u00e7o educativo que [&hellip;]<\/p>\n","protected":false},"author":1,"featured_media":0,"parent":0,"menu_order":0,"comment_status":"closed","ping_status":"closed","template":"","meta":[],"_links":{"self":[{"href":"https:\/\/cacrps.pt\/index.php\/wp-json\/wp\/v2\/pages\/26"}],"collection":[{"href":"https:\/\/cacrps.pt\/index.php\/wp-json\/wp\/v2\/pages"}],"about":[{"href":"https:\/\/cacrps.pt\/index.php\/wp-json\/wp\/v2\/types\/page"}],"author":[{"embeddable":true,"href":"https:\/\/cacrps.pt\/index.php\/wp-json\/wp\/v2\/users\/1"}],"replies":[{"embeddable":true,"href":"https:\/\/cacrps.pt\/index.php\/wp-json\/wp\/v2\/comments?post=26"}],"version-history":[{"count":1,"href":"https:\/\/cacrps.pt\/index.php\/wp-json\/wp\/v2\/pages\/26\/revisions"}],"predecessor-version":[{"id":27,"href":"https:\/\/cacrps.pt\/index.php\/wp-json\/wp\/v2\/pages\/26\/revisions\/27"}],"wp:attachment":[{"href":"https:\/\/cacrps.pt\/index.php\/wp-json\/wp\/v2\/media?parent=26"}],"curies":[{"name":"wp","href":"https:\/\/api.w.org\/{rel}","templated":true}]}}